{"id":2,"date":"2016-05-10T03:48:21","date_gmt":"2016-05-10T03:48:21","guid":{"rendered":"http:\/\/familie-rehermann.de\/?page_id=2"},"modified":"2020-06-10T08:51:44","modified_gmt":"2020-06-10T08:51:44","slug":"sample-page","status":"publish","type":"page","link":"https:\/\/familie-rehermann.de\/","title":{"rendered":"Willkommen"},"content":{"rendered":"<p>Wir sind die Nachkommen unserer Gro\u00dfeltern von Raimund + Maria Rehermann (geb. Hilgering) aus L\u00fcnen.<\/p>\n<p>Unser Urgro\u00dfvater August Joseph Rehermann (*1836 bis \u20201911) lebte in Altenheerse (heute Ortsteil von Willebadessen\/Kreis H\u00f6xter).<\/p>\n<p align=\"left\">Im privaten Bereich sind die aktuellen Infos zum gro\u00dfen Familientreffen in 2019, ein Bilderalbum sowie ein FamBlog zum Gedankenaustausch bereitgestellt.<\/p>\n<p>Das Passwort erhaltet Ihr unter:<br \/>\nwebmaster[\u00e4t]familie-rehermann.de<\/p>\n<p>Viel Spa\u00df beim Surfen.<\/p>\n<p>Liebe Gr\u00fc\u00dfe aus Ro\u00dfdorf (b. Darmstadt)&nbsp; und Idstein<\/p>\n<p><i>Andreas + Lothar <\/i><br \/>\n<i>Rehermann<\/i><\/p>\n","protected":false},"excerpt":{"rendered":"<p>Wir sind die Nachkommen unserer Gro\u00dfeltern von Raimund + Maria Rehermann (geb. &hellip; <a href=\"https:\/\/familie-rehermann.de\/\" class=\"more-link\"><span>weiter<span class=\"screen-reader-text\">Willkommen<\/span><\/span><\/a><\/p>\n","protected":false},"author":1,"featured_media":4,"parent":0,"menu_order":0,"comment_status":"closed","ping_status":"closed","template":"templates\/full-content-width-page.php","meta":{"footnotes":""},"tags":[5],"class_list":["post-2","page","type-page","status-publish","has-post-thumbnail","hentry","tag-rehermanndarmstadtrossdorfluenenaltenheersedortmund"],"jetpack_sharing_enabled":true,"_links":{"self":[{"href":"https:\/\/familie-rehermann.de\/index.php?rest_route=\/wp\/v2\/pages\/2","targetHints":{"allow":["GET"]}}],"collection":[{"href":"https:\/\/familie-rehermann.de\/index.php?rest_route=\/wp\/v2\/pages"}],"about":[{"href":"https:\/\/familie-rehermann.de\/index.php?rest_route=\/wp\/v2\/types\/page"}],"author":[{"embeddable":true,"href":"https:\/\/familie-rehermann.de\/index.php?rest_route=\/wp\/v2\/users\/1"}],"replies":[{"embeddable":true,"href":"https:\/\/familie-rehermann.de\/index.php?rest_route=%2Fwp%2Fv2%2Fcomments&post=2"}],"version-history":[{"count":2,"href":"https:\/\/familie-rehermann.de\/index.php?rest_route=\/wp\/v2\/pages\/2\/revisions"}],"predecessor-version":[{"id":115,"href":"https:\/\/familie-rehermann.de\/index.php?rest_route=\/wp\/v2\/pages\/2\/revisions\/115"}],"wp:featuredmedia":[{"embeddable":true,"href":"https:\/\/familie-rehermann.de\/index.php?rest_route=\/wp\/v2\/media\/4"}],"wp:attachment":[{"href":"https:\/\/familie-rehermann.de\/index.php?rest_route=%2Fwp%2Fv2%2Fmedia&parent=2"}],"wp:term":[{"taxonomy":"post_tag","embeddable":true,"href":"https:\/\/familie-rehermann.de\/index.php?rest_route=%2Fwp%2Fv2%2Ftags&post=2"}],"curies":[{"name":"wp","href":"https:\/\/api.w.org\/{rel}","templated":true}]}}